{"id":10,"date":"2016-10-28T16:01:54","date_gmt":"2016-10-28T23:01:54","guid":{"rendered":"http:\/\/hudsonvalve.com\/?page_id=10"},"modified":"2026-04-14T10:22:06","modified_gmt":"2026-04-14T17:22:06","slug":"flow-rate","status":"publish","type":"page","link":"https:\/\/hudsonvalve.com\/es\/flow-rate\/","title":{"rendered":"Flow-rate"},"content":{"rendered":"<div data-elementor-type=\"wp-page\" data-elementor-id=\"10\" class=\"elementor elementor-10\" data-elementor-post-type=\"page\">\n\t\t\t\t<div class=\"elementor-element elementor-element-abfbd6d e-con-full e-flex e-con e-parent\" data-id=\"abfbd6d\" data-element_type=\"container\" data-e-type=\"container\" data-settings=\"{&quot;background_background&quot;:&quot;video&quot;,&quot;background_video_link&quot;:&quot;https:\\\/\\\/hudsonvalve.com\\\/wp-content\\\/uploads\\\/2026\\\/04\\\/water-video-compressed.mp4&quot;}\">\n\t\t<div class=\"elementor-background-video-container elementor-hidden-mobile\">\n\t\t\t\t\t\t\t<video class=\"elementor-background-video-hosted\" role=\"presentation\" autoplay muted playsinline loop><\/video>\n\t\t\t\t\t<\/div>\t\t<div class=\"elementor-element elementor-element-fe09e84 elementor-widget elementor-widget-heading\" data-id=\"fe09e84\" data-element_type=\"widget\" data-e-type=\"widget\" data-widget_type=\"heading.default\">\n\t\t\t\t\t<h2 class=\"elementor-heading-title elementor-size-default\">Caudal<\/h2>\t\t\t\t<\/div>\n\t\t\t\t<\/div>\n\t\t<div class=\"elementor-element elementor-element-40a673a e-con-full e-flex e-con e-parent\" data-id=\"40a673a\" data-element_type=\"container\" data-e-type=\"container\">\n\t\t\t\t<div class=\"elementor-element elementor-element-76987e8 elementor-widget elementor-widget-text-editor\" data-id=\"76987e8\" data-element_type=\"widget\" data-e-type=\"widget\" data-widget_type=\"text-editor.default\">\n\t\t\t\t\t\t\t\t\t<p>Los 3 tama\u00f1os de la v\u00e1lvula Hudson dejar\u00e1n pasar el 80% del agua que reciben. Para obtener el caudal exacto de su aplicaci\u00f3n, puede usar una cubeta y un cron\u00f3metro. Inicie el cron\u00f3metro y abra el suministro de agua al m\u00e1ximo. Cuando la cubeta est\u00e9 llena, detenga el cron\u00f3metro. Para calcular los galones por minuto, divida el tama\u00f1o de la cubeta entre el tiempo que tard\u00f3 en llenarse y multiplique por 60. Este es el caudal (gpm) de su suministro de agua. Cuando la v\u00e1lvula est\u00e1 en funcionamiento, dejar\u00e1 pasar el 80% de ese caudal.<\/p><p><strong>GPM = <u>Tama\u00f1o de la cubeta en galones<br \/><\/u><\/strong><strong>\u00a0\u00a0\u00a0\u00a0\u00a0\u00a0\u00a0\u00a0\u00a0\u00a0\u00a0\u00a0\u00a0 Tiempo en llenarse<\/strong><\/p><p>\u00a0<\/p><p>Por ejemplo: una cubeta de 2 galones tard\u00f3 45.6 segundos en llenarse<\/p><p style=\"padding-left: 80px;\">2 \u00f7 45.6 = 0.044<br \/>0.044 \u00d7 60 = 2.64 galones por minuto<\/p><p style=\"padding-left: 80px;\">Calculando el 80% del caudal: 2.64 \u00d7 0.80 = 2.11<br \/><strong>2.11 galones por minuto cuando la v\u00e1lvula est\u00e1 en funcionamiento. <\/strong><\/p>\t\t\t\t\t\t\t\t<\/div>\n\t\t\t\t<\/div>\n\t\t\t\t<\/div>","protected":false},"excerpt":{"rendered":"<p>Flow Rate All 3 sizes of Hudson Valves will put 80% of the water supplied to it through it. To get an accurate flow rate for your application you can use a bucket and timer. Start your timer and turn your water source on full volume. When the bucket is full stop your timer. To [&hellip;]<\/p>\n","protected":false},"author":2,"featured_media":0,"parent":0,"menu_order":0,"comment_status":"closed","ping_status":"closed","template":"elementor_header_footer","meta":{"footnotes":""},"class_list":["post-10","page","type-page","status-publish","hentry"],"yoast_head":"<!-- This site is optimized with the Yoast SEO plugin v27.4 - https:\/\/yoast.com\/product\/yoast-seo-wordpress\/ -->\n<title>Flow-rate - Hudson Valve<\/title>\n<meta name=\"robots\" content=\"index, follow, max-snippet:-1, max-image-preview:large, max-video-preview:-1\" \/>\n<link rel=\"canonical\" href=\"https:\/\/hudsonvalve.com\/es\/flow-rate\/\" \/>\n<meta property=\"og:locale\" content=\"es_MX\" \/>\n<meta property=\"og:type\" content=\"article\" \/>\n<meta property=\"og:title\" content=\"Flow-rate - Hudson Valve\" \/>\n<meta property=\"og:description\" content=\"Flow Rate All 3 sizes of Hudson Valves will put 80% of the water supplied to it through it. To get an accurate flow rate for your application you can use a bucket and timer. Start your timer and turn your water source on full volume. When the bucket is full stop your timer. To [&hellip;]\" \/>\n<meta property=\"og:url\" content=\"https:\/\/hudsonvalve.com\/es\/flow-rate\/\" \/>\n<meta property=\"og:site_name\" content=\"Hudson Valve\" \/>\n<meta property=\"article:modified_time\" content=\"2026-04-14T17:22:06+00:00\" \/>\n<meta name=\"twitter:card\" content=\"summary_large_image\" \/>\n<meta name=\"twitter:label1\" content=\"Tiempo de lectura\" \/>\n\t<meta name=\"twitter:data1\" content=\"1 minuto\" \/>\n<script type=\"application\/ld+json\" class=\"yoast-schema-graph\">{\"@context\":\"https:\\\/\\\/schema.org\",\"@graph\":[{\"@type\":\"WebPage\",\"@id\":\"https:\\\/\\\/hudsonvalve.com\\\/flow-rate\\\/\",\"url\":\"https:\\\/\\\/hudsonvalve.com\\\/flow-rate\\\/\",\"name\":\"Flow-rate - Hudson Valve\",\"isPartOf\":{\"@id\":\"https:\\\/\\\/hudsonvalve.com\\\/#website\"},\"datePublished\":\"2016-10-28T23:01:54+00:00\",\"dateModified\":\"2026-04-14T17:22:06+00:00\",\"breadcrumb\":{\"@id\":\"https:\\\/\\\/hudsonvalve.com\\\/flow-rate\\\/#breadcrumb\"},\"inLanguage\":\"es\",\"potentialAction\":[{\"@type\":\"ReadAction\",\"target\":[\"https:\\\/\\\/hudsonvalve.com\\\/flow-rate\\\/\"]}]},{\"@type\":\"BreadcrumbList\",\"@id\":\"https:\\\/\\\/hudsonvalve.com\\\/flow-rate\\\/#breadcrumb\",\"itemListElement\":[{\"@type\":\"ListItem\",\"position\":1,\"name\":\"Home\",\"item\":\"https:\\\/\\\/hudsonvalve.com\\\/\"},{\"@type\":\"ListItem\",\"position\":2,\"name\":\"Flow-rate\"}]},{\"@type\":\"WebSite\",\"@id\":\"https:\\\/\\\/hudsonvalve.com\\\/#website\",\"url\":\"https:\\\/\\\/hudsonvalve.com\\\/\",\"name\":\"Hudson Valve\",\"description\":\"\",\"publisher\":{\"@id\":\"https:\\\/\\\/hudsonvalve.com\\\/#organization\"},\"potentialAction\":[{\"@type\":\"SearchAction\",\"target\":{\"@type\":\"EntryPoint\",\"urlTemplate\":\"https:\\\/\\\/hudsonvalve.com\\\/?s={search_term_string}\"},\"query-input\":{\"@type\":\"PropertyValueSpecification\",\"valueRequired\":true,\"valueName\":\"search_term_string\"}}],\"inLanguage\":\"es\"},{\"@type\":\"Organization\",\"@id\":\"https:\\\/\\\/hudsonvalve.com\\\/#organization\",\"name\":\"Hudson Valve\",\"url\":\"https:\\\/\\\/hudsonvalve.com\\\/\",\"logo\":{\"@type\":\"ImageObject\",\"inLanguage\":\"es\",\"@id\":\"https:\\\/\\\/hudsonvalve.com\\\/#\\\/schema\\\/logo\\\/image\\\/\",\"url\":\"https:\\\/\\\/hudsonvalve.com\\\/wp-content\\\/uploads\\\/2022\\\/12\\\/Logo_Header-1.svg\",\"contentUrl\":\"https:\\\/\\\/hudsonvalve.com\\\/wp-content\\\/uploads\\\/2022\\\/12\\\/Logo_Header-1.svg\",\"width\":150,\"height\":160,\"caption\":\"Hudson Valve\"},\"image\":{\"@id\":\"https:\\\/\\\/hudsonvalve.com\\\/#\\\/schema\\\/logo\\\/image\\\/\"}}]}<\/script>\n<!-- \/ Yoast SEO plugin. -->","yoast_head_json":{"title":"Flow-rate - Hudson Valve","robots":{"index":"index","follow":"follow","max-snippet":"max-snippet:-1","max-image-preview":"max-image-preview:large","max-video-preview":"max-video-preview:-1"},"canonical":"https:\/\/hudsonvalve.com\/es\/flow-rate\/","og_locale":"es_MX","og_type":"article","og_title":"Flow-rate - Hudson Valve","og_description":"Flow Rate All 3 sizes of Hudson Valves will put 80% of the water supplied to it through it. To get an accurate flow rate for your application you can use a bucket and timer. Start your timer and turn your water source on full volume. When the bucket is full stop your timer. To [&hellip;]","og_url":"https:\/\/hudsonvalve.com\/es\/flow-rate\/","og_site_name":"Hudson Valve","article_modified_time":"2026-04-14T17:22:06+00:00","twitter_card":"summary_large_image","twitter_misc":{"Tiempo de lectura":"1 minuto"},"schema":{"@context":"https:\/\/schema.org","@graph":[{"@type":"WebPage","@id":"https:\/\/hudsonvalve.com\/flow-rate\/","url":"https:\/\/hudsonvalve.com\/flow-rate\/","name":"Flow-rate - Hudson Valve","isPartOf":{"@id":"https:\/\/hudsonvalve.com\/#website"},"datePublished":"2016-10-28T23:01:54+00:00","dateModified":"2026-04-14T17:22:06+00:00","breadcrumb":{"@id":"https:\/\/hudsonvalve.com\/flow-rate\/#breadcrumb"},"inLanguage":"es","potentialAction":[{"@type":"ReadAction","target":["https:\/\/hudsonvalve.com\/flow-rate\/"]}]},{"@type":"BreadcrumbList","@id":"https:\/\/hudsonvalve.com\/flow-rate\/#breadcrumb","itemListElement":[{"@type":"ListItem","position":1,"name":"Home","item":"https:\/\/hudsonvalve.com\/"},{"@type":"ListItem","position":2,"name":"Flow-rate"}]},{"@type":"WebSite","@id":"https:\/\/hudsonvalve.com\/#website","url":"https:\/\/hudsonvalve.com\/","name":"Hudson Valve","description":"","publisher":{"@id":"https:\/\/hudsonvalve.com\/#organization"},"potentialAction":[{"@type":"SearchAction","target":{"@type":"EntryPoint","urlTemplate":"https:\/\/hudsonvalve.com\/?s={search_term_string}"},"query-input":{"@type":"PropertyValueSpecification","valueRequired":true,"valueName":"search_term_string"}}],"inLanguage":"es"},{"@type":"Organization","@id":"https:\/\/hudsonvalve.com\/#organization","name":"Hudson Valve","url":"https:\/\/hudsonvalve.com\/","logo":{"@type":"ImageObject","inLanguage":"es","@id":"https:\/\/hudsonvalve.com\/#\/schema\/logo\/image\/","url":"https:\/\/hudsonvalve.com\/wp-content\/uploads\/2022\/12\/Logo_Header-1.svg","contentUrl":"https:\/\/hudsonvalve.com\/wp-content\/uploads\/2022\/12\/Logo_Header-1.svg","width":150,"height":160,"caption":"Hudson Valve"},"image":{"@id":"https:\/\/hudsonvalve.com\/#\/schema\/logo\/image\/"}}]}},"_links":{"self":[{"href":"https:\/\/hudsonvalve.com\/es\/wp-json\/wp\/v2\/pages\/10","targetHints":{"allow":["GET"]}}],"collection":[{"href":"https:\/\/hudsonvalve.com\/es\/wp-json\/wp\/v2\/pages"}],"about":[{"href":"https:\/\/hudsonvalve.com\/es\/wp-json\/wp\/v2\/types\/page"}],"author":[{"embeddable":true,"href":"https:\/\/hudsonvalve.com\/es\/wp-json\/wp\/v2\/users\/2"}],"replies":[{"embeddable":true,"href":"https:\/\/hudsonvalve.com\/es\/wp-json\/wp\/v2\/comments?post=10"}],"version-history":[{"count":13,"href":"https:\/\/hudsonvalve.com\/es\/wp-json\/wp\/v2\/pages\/10\/revisions"}],"predecessor-version":[{"id":4012,"href":"https:\/\/hudsonvalve.com\/es\/wp-json\/wp\/v2\/pages\/10\/revisions\/4012"}],"wp:attachment":[{"href":"https:\/\/hudsonvalve.com\/es\/wp-json\/wp\/v2\/media?parent=10"}],"curies":[{"name":"wp","href":"https:\/\/api.w.org\/{rel}","templated":true}]}}