{"id":3326,"date":"2024-09-24T09:25:03","date_gmt":"2024-09-24T16:25:03","guid":{"rendered":"https:\/\/hudsonvalve.com\/?page_id=3326"},"modified":"2024-09-24T09:25:03","modified_gmt":"2024-09-24T16:25:03","slug":"warranty-policy","status":"publish","type":"page","link":"https:\/\/hudsonvalve.com\/es\/warranty-policy\/","title":{"rendered":"Warranty Policy"},"content":{"rendered":"<p>Todas las piezas de Hudson Valve tienen garant\u00eda de dos a\u00f1os bajo condiciones normales de uso. La garant\u00eda queda anulada si la v\u00e1lvula se us\u00f3 con l\u00edquidos distintos al agua, si no se siguieron las instrucciones de mantenimiento, o si se oper\u00f3 fuera de los l\u00edmites de presi\u00f3n establecidos. Las piezas con fallas cubiertas por la garant\u00eda ser\u00e1n reemplazadas sin costo.<\/p>","protected":false},"excerpt":{"rendered":"<p>All Hudson Valve parts are warranted for two years. The warranty covers any defects or malfunctions of all Hudson Valve parts as long as the Valve has been used under normal operating conditions. Warranty is voided for valves that have been used in liquids other than water. Warranty is voided for valves that have not [&hellip;]<\/p>\n","protected":false},"author":2,"featured_media":0,"parent":0,"menu_order":99,"comment_status":"closed","ping_status":"closed","template":"","meta":{"footnotes":""},"class_list":["post-3326","page","type-page","status-publish","hentry"],"yoast_head":"<!-- This site is optimized with the Yoast SEO plugin v27.4 - https:\/\/yoast.com\/product\/yoast-seo-wordpress\/ -->\n<title>Warranty Policy - Hudson Valve<\/title>\n<meta name=\"robots\" content=\"index, follow, max-snippet:-1, max-image-preview:large, max-video-preview:-1\" \/>\n<link rel=\"canonical\" href=\"https:\/\/hudsonvalve.com\/es\/warranty-policy\/\" \/>\n<meta property=\"og:locale\" content=\"es_MX\" \/>\n<meta property=\"og:type\" content=\"article\" \/>\n<meta property=\"og:title\" content=\"Warranty Policy - Hudson Valve\" \/>\n<meta property=\"og:description\" content=\"All Hudson Valve parts are warranted for two years. The warranty covers any defects or malfunctions of all Hudson Valve parts as long as the Valve has been used under normal operating conditions. Warranty is voided for valves that have been used in liquids other than water. Warranty is voided for valves that have not [&hellip;]\" \/>\n<meta property=\"og:url\" content=\"https:\/\/hudsonvalve.com\/es\/warranty-policy\/\" \/>\n<meta property=\"og:site_name\" content=\"Hudson Valve\" \/>\n<meta name=\"twitter:card\" content=\"summary_large_image\" \/>\n<meta name=\"twitter:label1\" content=\"Tiempo de lectura\" \/>\n\t<meta name=\"twitter:data1\" content=\"1 minuto\" \/>\n<script type=\"application\/ld+json\" class=\"yoast-schema-graph\">{\"@context\":\"https:\\\/\\\/schema.org\",\"@graph\":[{\"@type\":\"WebPage\",\"@id\":\"https:\\\/\\\/hudsonvalve.com\\\/warranty-policy\\\/\",\"url\":\"https:\\\/\\\/hudsonvalve.com\\\/warranty-policy\\\/\",\"name\":\"Warranty Policy - Hudson Valve\",\"isPartOf\":{\"@id\":\"https:\\\/\\\/hudsonvalve.com\\\/#website\"},\"datePublished\":\"2024-09-24T16:25:03+00:00\",\"breadcrumb\":{\"@id\":\"https:\\\/\\\/hudsonvalve.com\\\/warranty-policy\\\/#breadcrumb\"},\"inLanguage\":\"es\",\"potentialAction\":[{\"@type\":\"ReadAction\",\"target\":[\"https:\\\/\\\/hudsonvalve.com\\\/warranty-policy\\\/\"]}]},{\"@type\":\"BreadcrumbList\",\"@id\":\"https:\\\/\\\/hudsonvalve.com\\\/warranty-policy\\\/#breadcrumb\",\"itemListElement\":[{\"@type\":\"ListItem\",\"position\":1,\"name\":\"Home\",\"item\":\"https:\\\/\\\/hudsonvalve.com\\\/\"},{\"@type\":\"ListItem\",\"position\":2,\"name\":\"Warranty Policy\"}]},{\"@type\":\"WebSite\",\"@id\":\"https:\\\/\\\/hudsonvalve.com\\\/#website\",\"url\":\"https:\\\/\\\/hudsonvalve.com\\\/\",\"name\":\"Hudson Valve\",\"description\":\"\",\"publisher\":{\"@id\":\"https:\\\/\\\/hudsonvalve.com\\\/#organization\"},\"potentialAction\":[{\"@type\":\"SearchAction\",\"target\":{\"@type\":\"EntryPoint\",\"urlTemplate\":\"https:\\\/\\\/hudsonvalve.com\\\/?s={search_term_string}\"},\"query-input\":{\"@type\":\"PropertyValueSpecification\",\"valueRequired\":true,\"valueName\":\"search_term_string\"}}],\"inLanguage\":\"es\"},{\"@type\":\"Organization\",\"@id\":\"https:\\\/\\\/hudsonvalve.com\\\/#organization\",\"name\":\"Hudson Valve\",\"url\":\"https:\\\/\\\/hudsonvalve.com\\\/\",\"logo\":{\"@type\":\"ImageObject\",\"inLanguage\":\"es\",\"@id\":\"https:\\\/\\\/hudsonvalve.com\\\/#\\\/schema\\\/logo\\\/image\\\/\",\"url\":\"https:\\\/\\\/hudsonvalve.com\\\/wp-content\\\/uploads\\\/2022\\\/12\\\/Logo_Header-1.svg\",\"contentUrl\":\"https:\\\/\\\/hudsonvalve.com\\\/wp-content\\\/uploads\\\/2022\\\/12\\\/Logo_Header-1.svg\",\"width\":150,\"height\":160,\"caption\":\"Hudson Valve\"},\"image\":{\"@id\":\"https:\\\/\\\/hudsonvalve.com\\\/#\\\/schema\\\/logo\\\/image\\\/\"}}]}<\/script>\n<!-- \/ Yoast SEO plugin. -->","yoast_head_json":{"title":"Warranty Policy - Hudson Valve","robots":{"index":"index","follow":"follow","max-snippet":"max-snippet:-1","max-image-preview":"max-image-preview:large","max-video-preview":"max-video-preview:-1"},"canonical":"https:\/\/hudsonvalve.com\/es\/warranty-policy\/","og_locale":"es_MX","og_type":"article","og_title":"Warranty Policy - Hudson Valve","og_description":"All Hudson Valve parts are warranted for two years. The warranty covers any defects or malfunctions of all Hudson Valve parts as long as the Valve has been used under normal operating conditions. Warranty is voided for valves that have been used in liquids other than water. Warranty is voided for valves that have not [&hellip;]","og_url":"https:\/\/hudsonvalve.com\/es\/warranty-policy\/","og_site_name":"Hudson Valve","twitter_card":"summary_large_image","twitter_misc":{"Tiempo de lectura":"1 minuto"},"schema":{"@context":"https:\/\/schema.org","@graph":[{"@type":"WebPage","@id":"https:\/\/hudsonvalve.com\/warranty-policy\/","url":"https:\/\/hudsonvalve.com\/warranty-policy\/","name":"Warranty Policy - Hudson Valve","isPartOf":{"@id":"https:\/\/hudsonvalve.com\/#website"},"datePublished":"2024-09-24T16:25:03+00:00","breadcrumb":{"@id":"https:\/\/hudsonvalve.com\/warranty-policy\/#breadcrumb"},"inLanguage":"es","potentialAction":[{"@type":"ReadAction","target":["https:\/\/hudsonvalve.com\/warranty-policy\/"]}]},{"@type":"BreadcrumbList","@id":"https:\/\/hudsonvalve.com\/warranty-policy\/#breadcrumb","itemListElement":[{"@type":"ListItem","position":1,"name":"Home","item":"https:\/\/hudsonvalve.com\/"},{"@type":"ListItem","position":2,"name":"Warranty Policy"}]},{"@type":"WebSite","@id":"https:\/\/hudsonvalve.com\/#website","url":"https:\/\/hudsonvalve.com\/","name":"Hudson Valve","description":"","publisher":{"@id":"https:\/\/hudsonvalve.com\/#organization"},"potentialAction":[{"@type":"SearchAction","target":{"@type":"EntryPoint","urlTemplate":"https:\/\/hudsonvalve.com\/?s={search_term_string}"},"query-input":{"@type":"PropertyValueSpecification","valueRequired":true,"valueName":"search_term_string"}}],"inLanguage":"es"},{"@type":"Organization","@id":"https:\/\/hudsonvalve.com\/#organization","name":"Hudson Valve","url":"https:\/\/hudsonvalve.com\/","logo":{"@type":"ImageObject","inLanguage":"es","@id":"https:\/\/hudsonvalve.com\/#\/schema\/logo\/image\/","url":"https:\/\/hudsonvalve.com\/wp-content\/uploads\/2022\/12\/Logo_Header-1.svg","contentUrl":"https:\/\/hudsonvalve.com\/wp-content\/uploads\/2022\/12\/Logo_Header-1.svg","width":150,"height":160,"caption":"Hudson Valve"},"image":{"@id":"https:\/\/hudsonvalve.com\/#\/schema\/logo\/image\/"}}]}},"_links":{"self":[{"href":"https:\/\/hudsonvalve.com\/es\/wp-json\/wp\/v2\/pages\/3326","targetHints":{"allow":["GET"]}}],"collection":[{"href":"https:\/\/hudsonvalve.com\/es\/wp-json\/wp\/v2\/pages"}],"about":[{"href":"https:\/\/hudsonvalve.com\/es\/wp-json\/wp\/v2\/types\/page"}],"author":[{"embeddable":true,"href":"https:\/\/hudsonvalve.com\/es\/wp-json\/wp\/v2\/users\/2"}],"replies":[{"embeddable":true,"href":"https:\/\/hudsonvalve.com\/es\/wp-json\/wp\/v2\/comments?post=3326"}],"version-history":[{"count":2,"href":"https:\/\/hudsonvalve.com\/es\/wp-json\/wp\/v2\/pages\/3326\/revisions"}],"predecessor-version":[{"id":3328,"href":"https:\/\/hudsonvalve.com\/es\/wp-json\/wp\/v2\/pages\/3326\/revisions\/3328"}],"wp:attachment":[{"href":"https:\/\/hudsonvalve.com\/es\/wp-json\/wp\/v2\/media?parent=3326"}],"curies":[{"name":"wp","href":"https:\/\/api.w.org\/{rel}","templated":true}]}}