{"id":595,"date":"2019-02-08T10:05:33","date_gmt":"2019-02-08T18:05:33","guid":{"rendered":"http:\/\/hudsonvalve.com\/?page_id=595"},"modified":"2026-04-14T10:35:46","modified_gmt":"2026-04-14T17:35:46","slug":"installation","status":"publish","type":"page","link":"https:\/\/hudsonvalve.com\/es\/installation\/","title":{"rendered":"Instalaci\u00f3n"},"content":{"rendered":"<div data-elementor-type=\"wp-page\" data-elementor-id=\"595\" class=\"elementor elementor-595\" data-elementor-post-type=\"page\">\n\t\t\t\t<div class=\"elementor-element elementor-element-dccc3a7 e-con-full e-flex e-con e-parent\" data-id=\"dccc3a7\" data-element_type=\"container\" data-e-type=\"container\" data-settings=\"{&quot;background_background&quot;:&quot;video&quot;,&quot;background_video_link&quot;:&quot;https:\\\/\\\/hudsonvalve.com\\\/wp-content\\\/uploads\\\/2026\\\/04\\\/water-video-compressed.mp4&quot;}\">\n\t\t<div class=\"elementor-background-video-container elementor-hidden-mobile\">\n\t\t\t\t\t\t\t<video class=\"elementor-background-video-hosted\" role=\"presentation\" autoplay muted playsinline loop><\/video>\n\t\t\t\t\t<\/div>\t\t<div class=\"elementor-element elementor-element-9815ea9 elementor-widget elementor-widget-heading\" data-id=\"9815ea9\" data-element_type=\"widget\" data-e-type=\"widget\" data-widget_type=\"heading.default\">\n\t\t\t\t\t<h2 class=\"elementor-heading-title elementor-size-default\">Instalaci\u00f3n<\/h2>\t\t\t\t<\/div>\n\t\t\t\t<\/div>\n\t\t<div class=\"elementor-element elementor-element-1796d77 e-con-full e-flex e-con e-parent\" data-id=\"1796d77\" data-element_type=\"container\" data-e-type=\"container\">\n\t\t\t\t<div class=\"elementor-element elementor-element-0c7b6cb elementor-widget__width-inherit elementor-widget elementor-widget-text-editor\" data-id=\"0c7b6cb\" data-element_type=\"widget\" data-e-type=\"widget\" data-widget_type=\"text-editor.default\">\n\t\t\t\t\t\t\t\t\t<p>Para ver las instrucciones de instalaci\u00f3n, haga clic en el enlace correspondiente a la v\u00e1lvula que est\u00e1 usando.\n( 1 pulgada, 1\/2 pulgada, 1\/4 pulgada )<\/p>\n<p>La v\u00e1lvula Hudson debe limpiarse de manera regular para mantener un buen funcionamiento. Seg\u00fan la calidad del agua, se recomienda limpiarla entre 2 y 6 veces al a\u00f1o. Entre m\u00e1s sedimento, \u00f3xido o suciedad tenga el agua, con m\u00e1s frecuencia necesitar\u00e1 limpiar la v\u00e1lvula. El musgo, las algas y otros residuos pueden tapar los peque\u00f1os orificios de la v\u00e1lvula e impedir que funcione correctamente.<\/p>\n<p><!-- \/wp:fl-builder\/layout --><!-- wp:core-embed\/youtube {\"url\":\"https:\/\/www.youtube.com\/watch?v=A-fktMAKBwk\",\"type\":\"video\",\"providerNameSlug\":\"youtube\",\"className\":\"wp-embed-aspect-4-3 wp-has-aspect-ratio\"} --><\/p>\n<p><!-- \/wp:core-embed\/youtube --><\/p>\t\t\t\t\t\t\t\t<\/div>\n\t\t\t\t<div class=\"elementor-element elementor-element-adf6fb0 elementor-widget__width-inherit elementor-widget elementor-widget-heading\" data-id=\"adf6fb0\" data-element_type=\"widget\" data-e-type=\"widget\" data-widget_type=\"heading.default\">\n\t\t\t\t\t<h2 class=\"elementor-heading-title elementor-size-default\">Instrucciones de instalaci\u00f3n<\/h2>\t\t\t\t<\/div>\n\t\t\t\t<div class=\"elementor-element elementor-element-63e12bd elementor-align-center elementor-widget__width-initial elementor-widget elementor-widget-button\" data-id=\"63e12bd\" data-element_type=\"widget\" data-e-type=\"widget\" data-widget_type=\"button.default\">\n\t\t\t\t\t\t\t\t\t\t<a class=\"elementor-button elementor-button-link elementor-size-md\" href=\"https:\/\/hudsonvalve.com\/es\/instrucciones-de-instalacion-valvula-de-1-pulgada\/\">\n\t\t\t\t\t\t<span class=\"elementor-button-content-wrapper\">\n\t\t\t\t\t\t\t\t\t<span class=\"elementor-button-text\">1 pulgada Instrucciones<\/span>\n\t\t\t\t\t<\/span>\n\t\t\t\t\t<\/a>\n\t\t\t\t\t\t\t\t<\/div>\n\t\t\t\t<div class=\"elementor-element elementor-element-9a07604 elementor-align-center elementor-widget__width-initial elementor-widget elementor-widget-button\" data-id=\"9a07604\" data-element_type=\"widget\" data-e-type=\"widget\" data-widget_type=\"button.default\">\n\t\t\t\t\t\t\t\t\t\t<a class=\"elementor-button elementor-button-link elementor-size-md\" href=\"https:\/\/hudsonvalve.com\/es\/instrucciones-de-instalacion-valvula-de-1-2-pulgada\/\">\n\t\t\t\t\t\t<span class=\"elementor-button-content-wrapper\">\n\t\t\t\t\t\t\t\t\t<span class=\"elementor-button-text\">1\/2 pulgada Instrucciones<\/span>\n\t\t\t\t\t<\/span>\n\t\t\t\t\t<\/a>\n\t\t\t\t\t\t\t\t<\/div>\n\t\t\t\t<div class=\"elementor-element elementor-element-3b898e2 elementor-align-center elementor-widget__width-initial elementor-widget elementor-widget-button\" data-id=\"3b898e2\" data-element_type=\"widget\" data-e-type=\"widget\" data-widget_type=\"button.default\">\n\t\t\t\t\t\t\t\t\t\t<a class=\"elementor-button elementor-button-link elementor-size-md\" href=\"https:\/\/hudsonvalve.com\/es\/instrucciones-de-instalacion-valvula-de-1-4-pulgada\/\">\n\t\t\t\t\t\t<span class=\"elementor-button-content-wrapper\">\n\t\t\t\t\t\t\t\t\t<span class=\"elementor-button-text\">1\/4 pulgada Instrucciones<\/span>\n\t\t\t\t\t<\/span>\n\t\t\t\t\t<\/a>\n\t\t\t\t\t\t\t\t<\/div>\n\t\t\t\t<\/div>\n\t\t<div class=\"elementor-element elementor-element-23e5f14 e-flex e-con-boxed e-con e-parent\" data-id=\"23e5f14\" data-element_type=\"container\" data-e-type=\"container\">\n\t\t\t\t\t<div class=\"e-con-inner\">\n\t\t\t\t<div class=\"elementor-element elementor-element-f535b8d elementor-widget elementor-widget-spacer\" data-id=\"f535b8d\" data-element_type=\"widget\" data-e-type=\"widget\" data-widget_type=\"spacer.default\">\n\t\t\t\t\t\t\t<div class=\"elementor-spacer\">\n\t\t\t<div class=\"elementor-spacer-inner\"><\/div>\n\t\t<\/div>\n\t\t\t\t\t\t<\/div>\n\t\t\t\t\t<\/div>\n\t\t\t\t<\/div>\n\t\t\t\t<\/div>","protected":false},"excerpt":{"rendered":"<p>Installation For Installation Instructions, please follow the link below for the Valve you are using. ( 1in, 1\/2in, 1\/4in ) The Hudson Valve should be routinely cleaned to maintain optimal performance. Depending on your water source, cleaning should take place between 2-6 times per year. The more silt, rust, debris, etcetera in your water, the [&hellip;]<\/p>\n","protected":false},"author":2,"featured_media":0,"parent":0,"menu_order":0,"comment_status":"closed","ping_status":"closed","template":"elementor_header_footer","meta":{"footnotes":""},"class_list":["post-595","page","type-page","status-publish","hentry"],"yoast_head":"<!-- This site is optimized with the Yoast SEO plugin v27.4 - https:\/\/yoast.com\/product\/yoast-seo-wordpress\/ -->\n<title>Installation - Hudson Valve<\/title>\n<meta name=\"robots\" content=\"index, follow, max-snippet:-1, max-image-preview:large, max-video-preview:-1\" \/>\n<link rel=\"canonical\" href=\"https:\/\/hudsonvalve.com\/es\/installation\/\" \/>\n<meta property=\"og:locale\" content=\"es_MX\" \/>\n<meta property=\"og:type\" content=\"article\" \/>\n<meta property=\"og:title\" content=\"Installation - Hudson Valve\" \/>\n<meta property=\"og:description\" content=\"Installation For Installation Instructions, please follow the link below for the Valve you are using. ( 1in, 1\/2in, 1\/4in ) The Hudson Valve should be routinely cleaned to maintain optimal performance. Depending on your water source, cleaning should take place between 2-6 times per year. The more silt, rust, debris, etcetera in your water, the [&hellip;]\" \/>\n<meta property=\"og:url\" content=\"https:\/\/hudsonvalve.com\/es\/installation\/\" \/>\n<meta property=\"og:site_name\" content=\"Hudson Valve\" \/>\n<meta property=\"article:modified_time\" content=\"2026-04-14T17:35:46+00:00\" \/>\n<meta name=\"twitter:card\" content=\"summary_large_image\" \/>\n<meta name=\"twitter:label1\" content=\"Tiempo de lectura\" \/>\n\t<meta name=\"twitter:data1\" content=\"1 minuto\" \/>\n<script type=\"application\/ld+json\" class=\"yoast-schema-graph\">{\"@context\":\"https:\\\/\\\/schema.org\",\"@graph\":[{\"@type\":\"WebPage\",\"@id\":\"https:\\\/\\\/hudsonvalve.com\\\/installation\\\/\",\"url\":\"https:\\\/\\\/hudsonvalve.com\\\/installation\\\/\",\"name\":\"Installation - Hudson Valve\",\"isPartOf\":{\"@id\":\"https:\\\/\\\/hudsonvalve.com\\\/#website\"},\"datePublished\":\"2019-02-08T18:05:33+00:00\",\"dateModified\":\"2026-04-14T17:35:46+00:00\",\"breadcrumb\":{\"@id\":\"https:\\\/\\\/hudsonvalve.com\\\/installation\\\/#breadcrumb\"},\"inLanguage\":\"es\",\"potentialAction\":[{\"@type\":\"ReadAction\",\"target\":[\"https:\\\/\\\/hudsonvalve.com\\\/installation\\\/\"]}]},{\"@type\":\"BreadcrumbList\",\"@id\":\"https:\\\/\\\/hudsonvalve.com\\\/installation\\\/#breadcrumb\",\"itemListElement\":[{\"@type\":\"ListItem\",\"position\":1,\"name\":\"Home\",\"item\":\"https:\\\/\\\/hudsonvalve.com\\\/\"},{\"@type\":\"ListItem\",\"position\":2,\"name\":\"Installation\"}]},{\"@type\":\"WebSite\",\"@id\":\"https:\\\/\\\/hudsonvalve.com\\\/#website\",\"url\":\"https:\\\/\\\/hudsonvalve.com\\\/\",\"name\":\"Hudson Valve\",\"description\":\"\",\"publisher\":{\"@id\":\"https:\\\/\\\/hudsonvalve.com\\\/#organization\"},\"potentialAction\":[{\"@type\":\"SearchAction\",\"target\":{\"@type\":\"EntryPoint\",\"urlTemplate\":\"https:\\\/\\\/hudsonvalve.com\\\/?s={search_term_string}\"},\"query-input\":{\"@type\":\"PropertyValueSpecification\",\"valueRequired\":true,\"valueName\":\"search_term_string\"}}],\"inLanguage\":\"es\"},{\"@type\":\"Organization\",\"@id\":\"https:\\\/\\\/hudsonvalve.com\\\/#organization\",\"name\":\"Hudson Valve\",\"url\":\"https:\\\/\\\/hudsonvalve.com\\\/\",\"logo\":{\"@type\":\"ImageObject\",\"inLanguage\":\"es\",\"@id\":\"https:\\\/\\\/hudsonvalve.com\\\/#\\\/schema\\\/logo\\\/image\\\/\",\"url\":\"https:\\\/\\\/hudsonvalve.com\\\/wp-content\\\/uploads\\\/2022\\\/12\\\/Logo_Header-1.svg\",\"contentUrl\":\"https:\\\/\\\/hudsonvalve.com\\\/wp-content\\\/uploads\\\/2022\\\/12\\\/Logo_Header-1.svg\",\"width\":150,\"height\":160,\"caption\":\"Hudson Valve\"},\"image\":{\"@id\":\"https:\\\/\\\/hudsonvalve.com\\\/#\\\/schema\\\/logo\\\/image\\\/\"}}]}<\/script>\n<!-- \/ Yoast SEO plugin. -->","yoast_head_json":{"title":"Installation - Hudson Valve","robots":{"index":"index","follow":"follow","max-snippet":"max-snippet:-1","max-image-preview":"max-image-preview:large","max-video-preview":"max-video-preview:-1"},"canonical":"https:\/\/hudsonvalve.com\/es\/installation\/","og_locale":"es_MX","og_type":"article","og_title":"Installation - Hudson Valve","og_description":"Installation For Installation Instructions, please follow the link below for the Valve you are using. ( 1in, 1\/2in, 1\/4in ) The Hudson Valve should be routinely cleaned to maintain optimal performance. Depending on your water source, cleaning should take place between 2-6 times per year. The more silt, rust, debris, etcetera in your water, the [&hellip;]","og_url":"https:\/\/hudsonvalve.com\/es\/installation\/","og_site_name":"Hudson Valve","article_modified_time":"2026-04-14T17:35:46+00:00","twitter_card":"summary_large_image","twitter_misc":{"Tiempo de lectura":"1 minuto"},"schema":{"@context":"https:\/\/schema.org","@graph":[{"@type":"WebPage","@id":"https:\/\/hudsonvalve.com\/installation\/","url":"https:\/\/hudsonvalve.com\/installation\/","name":"Installation - Hudson Valve","isPartOf":{"@id":"https:\/\/hudsonvalve.com\/#website"},"datePublished":"2019-02-08T18:05:33+00:00","dateModified":"2026-04-14T17:35:46+00:00","breadcrumb":{"@id":"https:\/\/hudsonvalve.com\/installation\/#breadcrumb"},"inLanguage":"es","potentialAction":[{"@type":"ReadAction","target":["https:\/\/hudsonvalve.com\/installation\/"]}]},{"@type":"BreadcrumbList","@id":"https:\/\/hudsonvalve.com\/installation\/#breadcrumb","itemListElement":[{"@type":"ListItem","position":1,"name":"Home","item":"https:\/\/hudsonvalve.com\/"},{"@type":"ListItem","position":2,"name":"Installation"}]},{"@type":"WebSite","@id":"https:\/\/hudsonvalve.com\/#website","url":"https:\/\/hudsonvalve.com\/","name":"Hudson Valve","description":"","publisher":{"@id":"https:\/\/hudsonvalve.com\/#organization"},"potentialAction":[{"@type":"SearchAction","target":{"@type":"EntryPoint","urlTemplate":"https:\/\/hudsonvalve.com\/?s={search_term_string}"},"query-input":{"@type":"PropertyValueSpecification","valueRequired":true,"valueName":"search_term_string"}}],"inLanguage":"es"},{"@type":"Organization","@id":"https:\/\/hudsonvalve.com\/#organization","name":"Hudson Valve","url":"https:\/\/hudsonvalve.com\/","logo":{"@type":"ImageObject","inLanguage":"es","@id":"https:\/\/hudsonvalve.com\/#\/schema\/logo\/image\/","url":"https:\/\/hudsonvalve.com\/wp-content\/uploads\/2022\/12\/Logo_Header-1.svg","contentUrl":"https:\/\/hudsonvalve.com\/wp-content\/uploads\/2022\/12\/Logo_Header-1.svg","width":150,"height":160,"caption":"Hudson Valve"},"image":{"@id":"https:\/\/hudsonvalve.com\/#\/schema\/logo\/image\/"}}]}},"_links":{"self":[{"href":"https:\/\/hudsonvalve.com\/es\/wp-json\/wp\/v2\/pages\/595","targetHints":{"allow":["GET"]}}],"collection":[{"href":"https:\/\/hudsonvalve.com\/es\/wp-json\/wp\/v2\/pages"}],"about":[{"href":"https:\/\/hudsonvalve.com\/es\/wp-json\/wp\/v2\/types\/page"}],"author":[{"embeddable":true,"href":"https:\/\/hudsonvalve.com\/es\/wp-json\/wp\/v2\/users\/2"}],"replies":[{"embeddable":true,"href":"https:\/\/hudsonvalve.com\/es\/wp-json\/wp\/v2\/comments?post=595"}],"version-history":[{"count":73,"href":"https:\/\/hudsonvalve.com\/es\/wp-json\/wp\/v2\/pages\/595\/revisions"}],"predecessor-version":[{"id":4015,"href":"https:\/\/hudsonvalve.com\/es\/wp-json\/wp\/v2\/pages\/595\/revisions\/4015"}],"wp:attachment":[{"href":"https:\/\/hudsonvalve.com\/es\/wp-json\/wp\/v2\/media?parent=595"}],"curies":[{"name":"wp","href":"https:\/\/api.w.org\/{rel}","templated":true}]}}